{"id":23,"date":"2023-07-04T23:55:15","date_gmt":"2023-07-04T23:55:15","guid":{"rendered":"https:\/\/claudiorozo.com\/?page_id=23"},"modified":"2023-07-14T18:27:30","modified_gmt":"2023-07-14T18:27:30","slug":"claudio-rozo","status":"publish","type":"page","link":"https:\/\/claudiorozo.com\/","title":{"rendered":"Claudio Rozo"},"content":{"rendered":"<p>[et_pb_section fb_built=\u00bb1&#8243; fullwidth=\u00bbon\u00bb _builder_version=\u00bb4.21.0&#8243; _module_preset=\u00bbdefault\u00bb min_height=\u00bb750px\u00bb min_height_tablet=\u00bb750px\u00bb min_height_phone=\u00bb450px\u00bb min_height_last_edited=\u00bbon|phone\u00bb global_colors_info=\u00bb{}\u00bb][et_pb_fullwidth_slider _builder_version=\u00bb4.21.0&#8243; _module_preset=\u00bbdefault\u00bb height=\u00bb750px\u00bb height_tablet=\u00bb750px\u00bb height_phone=\u00bb480px\u00bb height_last_edited=\u00bbon|phone\u00bb custom_padding=\u00bb||||false|false\u00bb auto=\u00bbon\u00bb auto_ignore_hover=\u00bbon\u00bb global_colors_info=\u00bb{}\u00bb][et_pb_slide _builder_version=\u00bb4.21.0&#8243; _module_preset=\u00bbdefault\u00bb background_color=\u00bb#A01B1B\u00bb background_enable_color=\u00bbon\u00bb background_image=\u00bbhttps:\/\/claudiorozo.com\/wp-content\/uploads\/2023\/07\/bg-home.png\u00bb background_enable_image=\u00bbon\u00bb global_colors_info=\u00bb{}\u00bb sticky_transition=\u00bbon\u00bb][\/et_pb_slide][et_pb_slide _builder_version=\u00bb4.21.0&#8243; _module_preset=\u00bbdefault\u00bb background_color=\u00bb#A01B1B\u00bb background_enable_color=\u00bbon\u00bb background_image=\u00bbhttps:\/\/claudiorozo.com\/wp-content\/uploads\/2023\/07\/bg-home-2.png\u00bb background_enable_image=\u00bbon\u00bb global_colors_info=\u00bb{}\u00bb sticky_transition=\u00bbon\u00bb][\/et_pb_slide][et_pb_slide _builder_version=\u00bb4.21.0&#8243; _module_preset=\u00bbdefault\u00bb background_color=\u00bb#A01B1B\u00bb background_enable_color=\u00bbon\u00bb background_image=\u00bbhttps:\/\/claudiorozo.com\/wp-content\/uploads\/2023\/07\/bg_home-3.png\u00bb background_enable_image=\u00bbon\u00bb global_colors_info=\u00bb{}\u00bb sticky_transition=\u00bbon\u00bb][\/et_pb_slide][et_pb_slide _builder_version=\u00bb4.21.0&#8243; _module_preset=\u00bbdefault\u00bb background_color=\u00bb#A01B1B\u00bb background_enable_color=\u00bbon\u00bb background_image=\u00bbhttps:\/\/claudiorozo.com\/wp-content\/uploads\/2023\/07\/bg-dyno.png\u00bb background_enable_image=\u00bbon\u00bb global_colors_info=\u00bb{}\u00bb sticky_transition=\u00bbon\u00bb][\/et_pb_slide][et_pb_slide _builder_version=\u00bb4.21.0&#8243; _module_preset=\u00bbdefault\u00bb background_color=\u00bb#A01B1B\u00bb background_enable_color=\u00bbon\u00bb background_image=\u00bbhttps:\/\/claudiorozo.com\/wp-content\/uploads\/2023\/07\/bg-al2.png\u00bb background_enable_image=\u00bbon\u00bb global_colors_info=\u00bb{}\u00bb sticky_transition=\u00bbon\u00bb][\/et_pb_slide][\/et_pb_fullwidth_slider][\/et_pb_section][et_pb_section fb_built=\u00bb1&#8243; module_id=\u00bbservicios\u00bb _builder_version=\u00bb4.21.0&#8243; _module_preset=\u00bbdefault\u00bb background_color=\u00bbRGBA(255,255,255,0)\u00bb global_colors_info=\u00bb{}\u00bb][et_pb_row _builder_version=\u00bb4.21.0&#8243; _module_preset=\u00bbdefault\u00bb global_colors_info=\u00bb{}\u00bb][et_pb_column type=\u00bb4_4&#8243; _builder_version=\u00bb4.21.0&#8243; _module_preset=\u00bbdefault\u00bb global_colors_info=\u00bb{}\u00bb][et_pb_text _builder_version=\u00bb4.21.0&#8243; _module_preset=\u00bbdefault\u00bb header_2_font=\u00bbRacing Sans One||||||||\u00bb header_2_text_color=\u00bb#A01B1B\u00bb header_4_font=\u00bbAmatic SC||||||||\u00bb global_colors_info=\u00bb{}\u00bb]<\/p>\n<h2 style=\"text-align: center;\">SERVICIOS<\/h2>\n<p>[\/et_pb_text][et_pb_image src=\u00bbhttps:\/\/claudiorozo.com\/wp-content\/uploads\/2023\/07\/Car-parts-5c.png\u00bb title_text=\u00bbCar-parts-5c\u00bb _builder_version=\u00bb4.21.0&#8243; _module_preset=\u00bbdefault\u00bb width=\u00bb50%\u00bb module_alignment=\u00bbcenter\u00bb global_colors_info=\u00bb{}\u00bb][\/et_pb_image][\/et_pb_column][\/et_pb_row][et_pb_row column_structure=\u00bb1_2,1_2&#8243; _builder_version=\u00bb4.21.0&#8243; _module_preset=\u00bbdefault\u00bb global_colors_info=\u00bb{}\u00bb][et_pb_column type=\u00bb1_2&#8243; _builder_version=\u00bb4.21.0&#8243; _module_preset=\u00bbdefault\u00bb global_colors_info=\u00bb{}\u00bb][et_pb_blurb title=\u00bbServicio de Dinam\u00f3metro\u00bb image=\u00bbhttps:\/\/claudiorozo.com\/wp-content\/uploads\/2023\/07\/DynoDynamics.png\u00bb image_icon_width=\u00bb250px\u00bb _builder_version=\u00bb4.21.0&#8243; _module_preset=\u00bbdefault\u00bb header_font=\u00bbRacing Sans One||||||||\u00bb header_text_align=\u00bbcenter\u00bb header_text_color=\u00bb#A01B1B\u00bb custom_margin=\u00bb20px||||false|false\u00bb hover_enabled=\u00bb0&#8243; global_colors_info=\u00bb{}\u00bb sticky_enabled=\u00bb0&#8243; title_text=\u00bbDynoDynamics\u00bb image_icon_background_color=\u00bbRGBA(255,255,255,0)\u00bb]<\/p>\n<p style=\"text-align: center;\">Medicion de Hp y Tq<br \/>Reprogramacion de Software de Motor y Caja.<br \/>Desarrollo de motores para competencia.<br \/>Lo asesoramos en su proyecto deportivo.<\/p>\n<p>[\/et_pb_blurb][et_pb_divider color=\u00bb#A01B1B\u00bb _builder_version=\u00bb4.21.0&#8243; _module_preset=\u00bbdefault\u00bb global_colors_info=\u00bb{}\u00bb][\/et_pb_divider][et_pb_blurb title=\u00bbMec\u00e1nica General\u00bb image=\u00bbhttps:\/\/claudiorozo.com\/wp-content\/uploads\/2023\/07\/img-02.png\u00bb image_icon_width=\u00bb100px\u00bb _builder_version=\u00bb4.21.0&#8243; _module_preset=\u00bbdefault\u00bb header_font=\u00bbRacing Sans One||||||||\u00bb header_text_align=\u00bbcenter\u00bb header_text_color=\u00bb#A01B1B\u00bb custom_margin=\u00bb20px||||false|false\u00bb hover_enabled=\u00bb0&#8243; global_colors_info=\u00bb{}\u00bb sticky_enabled=\u00bb0&#8243;]<\/p>\n<p style=\"text-align: center;\">Somos expertos en los servicios de Diagn\u00f3stico, mantenimiento y reparaci\u00f3n de veh\u00edculos carburados y Fuel injection<\/p>\n<p>[\/et_pb_blurb][et_pb_divider color=\u00bb#A01B1B\u00bb _builder_version=\u00bb4.21.0&#8243; _module_preset=\u00bbdefault\u00bb global_colors_info=\u00bb{}\u00bb][\/et_pb_divider][et_pb_blurb title=\u00bbFrenos\u00bb image=\u00bbhttps:\/\/claudiorozo.com\/wp-content\/uploads\/2023\/07\/brakers.png\u00bb image_icon_width=\u00bb150px\u00bb _builder_version=\u00bb4.21.0&#8243; _module_preset=\u00bbdefault\u00bb header_font=\u00bbRacing Sans One||||||||\u00bb header_text_align=\u00bbcenter\u00bb header_text_color=\u00bb#A01B1B\u00bb custom_margin=\u00bb20px||-3px||false|false\u00bb hover_enabled=\u00bb0&#8243; global_colors_info=\u00bb{}\u00bb sticky_enabled=\u00bb0&#8243;]<\/p>\n<p style=\"text-align: center;\">Mantenimiento, Sistemas ABS, Discos y pastillas de alto rendimiento.<\/p>\n<p style=\"text-align: center;\">\n<p style=\"text-align: center;\">[\/et_pb_blurb][et_pb_divider color=\u00bb#A01B1B\u00bb _builder_version=\u00bb4.21.0&#8243; _module_preset=\u00bbdefault\u00bb global_colors_info=\u00bb{}\u00bb][\/et_pb_divider][et_pb_blurb title=\u00bbCaja \/ Embrague\u00bb image=\u00bbhttps:\/\/claudiorozo.com\/wp-content\/uploads\/2023\/07\/cajaa.png\u00bb image_icon_width=\u00bb51%\u00bb _builder_version=\u00bb4.21.0&#8243; _module_preset=\u00bbdefault\u00bb header_font=\u00bbRacing Sans One||||||||\u00bb header_text_align=\u00bbcenter\u00bb header_text_color=\u00bb#A01B1B\u00bb custom_margin=\u00bb20px||-3px||false|false\u00bb hover_enabled=\u00bb0&#8243; global_colors_info=\u00bb{}\u00bb sticky_enabled=\u00bb0&#8243;]<\/p>\n<p style=\"text-align: center;\">Mantenimiento y reparaci\u00f3n,<br \/>relaciones de caja, c\u00e1lculo y dise\u00f1o.<\/p>\n<p style=\"text-align: center;\">\n<p style=\"text-align: center;\">[\/et_pb_blurb][et_pb_divider color=\u00bb#A01B1B\u00bb _builder_version=\u00bb4.21.0&#8243; _module_preset=\u00bbdefault\u00bb global_colors_info=\u00bb{}\u00bb][\/et_pb_divider][\/et_pb_column][et_pb_column type=\u00bb1_2&#8243; _builder_version=\u00bb4.21.0&#8243; _module_preset=\u00bbdefault\u00bb global_colors_info=\u00bb{}\u00bb][et_pb_blurb title=\u00bbAlineaci\u00f3n y Balanceo\u00bb image=\u00bbhttps:\/\/claudiorozo.com\/wp-content\/uploads\/2023\/07\/alineacion.png\u00bb image_icon_width=\u00bb46%\u00bb _builder_version=\u00bb4.21.0&#8243; _module_preset=\u00bbdefault\u00bb header_font=\u00bbRacing Sans One||||||||\u00bb header_text_align=\u00bbcenter\u00bb header_text_color=\u00bb#A01B1B\u00bb custom_margin=\u00bb20px||||false|false\u00bb hover_enabled=\u00bb0&#8243; global_colors_info=\u00bb{}\u00bb sticky_enabled=\u00bb0&#8243; title_text=\u00bbalineacion\u00bb]<\/p>\n<p style=\"text-align: center;\">Alineamos su veh\u00edculo con la \u00faltima tecnolog\u00eda. <br \/>Sus veh\u00edculos de alta gama merecen lo mejor. <br \/>A los amantes a los Track days los asesoramos <br \/>en el Set Up para sus veh\u00edculos.<\/p>\n<p>[\/et_pb_blurb][et_pb_divider color=\u00bb#A01B1B\u00bb _builder_version=\u00bb4.21.0&#8243; _module_preset=\u00bbdefault\u00bb global_colors_info=\u00bb{}\u00bb][\/et_pb_divider][et_pb_blurb title=\u00bbSuspensi\u00f3n\u00bb image=\u00bbhttps:\/\/claudiorozo.com\/wp-content\/uploads\/2023\/07\/suspension_bga2.png\u00bb image_icon_width=\u00bb49%\u00bb _builder_version=\u00bb4.21.0&#8243; _module_preset=\u00bbdefault\u00bb header_font=\u00bbRacing Sans One||||||||\u00bb header_text_align=\u00bbcenter\u00bb header_text_color=\u00bb#A01B1B\u00bb custom_margin=\u00bb20px||||false|false\u00bb hover_enabled=\u00bb0&#8243; global_colors_info=\u00bb{}\u00bb sticky_enabled=\u00bb0&#8243;]<\/p>\n<p style=\"text-align: center;\">Mantenimiento y reparaci\u00f3n, Dise\u00f1o y modificaci\u00f3n, barras estabilizadoras, Coil Overs, Camber Plates.<\/p>\n<p>[\/et_pb_blurb][et_pb_divider color=\u00bb#A01B1B\u00bb _builder_version=\u00bb4.21.0&#8243; _module_preset=\u00bbdefault\u00bb global_colors_info=\u00bb{}\u00bb][\/et_pb_divider][et_pb_blurb title=\u00bbCulata\u00bb image=\u00bbhttps:\/\/claudiorozo.com\/wp-content\/uploads\/2023\/07\/Cylinder_Block-header2.png\u00bb image_icon_width=\u00bb76%\u00bb _builder_version=\u00bb4.21.0&#8243; _module_preset=\u00bbdefault\u00bb header_font=\u00bbRacing Sans One||||||||\u00bb header_text_align=\u00bbcenter\u00bb header_text_color=\u00bb#A01B1B\u00bb custom_margin=\u00bb20px||-1px||false|false\u00bb hover_enabled=\u00bb0&#8243; global_colors_info=\u00bb{}\u00bb sticky_enabled=\u00bb0&#8243;]<\/p>\n<p style=\"text-align: center;\">Porting de Culatas<\/p>\n<p style=\"text-align: center;\">\n<p style=\"text-align: center;\">[\/et_pb_blurb][et_pb_divider color=\u00bb#A01B1B\u00bb _builder_version=\u00bb4.21.0&#8243; _module_preset=\u00bbdefault\u00bb global_colors_info=\u00bb{}\u00bb][\/et_pb_divider][et_pb_blurb title=\u00bbMotores\u00bb image=\u00bbhttps:\/\/claudiorozo.com\/wp-content\/uploads\/2023\/07\/Car-Engine-PNG-Image.png\u00bb image_icon_width=\u00bb32%\u00bb _builder_version=\u00bb4.21.0&#8243; _module_preset=\u00bbdefault\u00bb header_font=\u00bbRacing Sans One||||||||\u00bb header_text_align=\u00bbcenter\u00bb header_text_color=\u00bb#A01B1B\u00bb custom_margin=\u00bb20px||-1px||false|false\u00bb hover_enabled=\u00bb0&#8243; global_colors_info=\u00bb{}\u00bb sticky_enabled=\u00bb0&#8243;]<\/p>\n<p style=\"text-align: center;\">Mantenimiento y reparaci\u00f3n.<br \/>Dise\u00f1o y modificaci\u00f3n de motores para competencia.<\/p>\n<p style=\"text-align: center;\">\n<p style=\"text-align: center;\">[\/et_pb_blurb][et_pb_divider color=\u00bb#A01B1B\u00bb _builder_version=\u00bb4.21.0&#8243; _module_preset=\u00bbdefault\u00bb global_colors_info=\u00bb{}\u00bb][\/et_pb_divider][\/et_pb_column][\/et_pb_row][\/et_pb_section][et_pb_section fb_built=\u00bb1&#8243; module_id=\u00bbgaleria\u00bb _builder_version=\u00bb4.21.0&#8243; _module_preset=\u00bbdefault\u00bb background_image=\u00bbhttps:\/\/claudiorozo.com\/wp-content\/uploads\/2023\/07\/subarubg.png\u00bb height=\u00bb700px\u00bb global_colors_info=\u00bb{}\u00bb][et_pb_row _builder_version=\u00bb4.21.0&#8243; _module_preset=\u00bbdefault\u00bb width=\u00bb90%\u00bb global_colors_info=\u00bb{}\u00bb][et_pb_column type=\u00bb4_4&#8243; _builder_version=\u00bb4.21.0&#8243; _module_preset=\u00bbdefault\u00bb global_colors_info=\u00bb{}\u00bb][et_pb_text _builder_version=\u00bb4.21.0&#8243; _module_preset=\u00bbdefault\u00bb header_2_font=\u00bbRacing Sans One||||||||\u00bb header_2_text_color=\u00bb#FFFFFF\u00bb header_4_font=\u00bbAmatic SC||||||||\u00bb global_colors_info=\u00bb{}\u00bb]<\/p>\n<h2 style=\"text-align: center;\">GALER\u00cdA<\/h2>\n<p>[\/et_pb_text][et_pb_gallery gallery_ids=\u00bb89,90,91,92,93,94,95,96,97&#8243; gallery_orderby=\u00bbrand\u00bb show_title_and_caption=\u00bboff\u00bb _builder_version=\u00bb4.21.0&#8243; _module_preset=\u00bbdefault\u00bb text_orientation=\u00bbcenter\u00bb custom_padding=\u00bb|||0px|false|false\u00bb border_radii_image=\u00bbon|5px|5px|5px|5px\u00bb border_width_all_image=\u00bb2px\u00bb border_color_all_image=\u00bb#A01B1B\u00bb global_colors_info=\u00bb{}\u00bb][\/et_pb_gallery][\/et_pb_column][\/et_pb_row][\/et_pb_section][et_pb_section fb_built=\u00bb1&#8243; module_id=\u00bbmarcas\u00bb _builder_version=\u00bb4.21.0&#8243; _module_preset=\u00bbdefault\u00bb background_color=\u00bbRGBA(255,255,255,0)\u00bb background_image=\u00bbhttps:\/\/claudiorozo.com\/wp-content\/uploads\/2023\/07\/paralax4-2-1.jpg\u00bb parallax=\u00bbon\u00bb parallax_method=\u00bboff\u00bb global_colors_info=\u00bb{}\u00bb][et_pb_row _builder_version=\u00bb4.21.0&#8243; _module_preset=\u00bbdefault\u00bb global_colors_info=\u00bb{}\u00bb][et_pb_column type=\u00bb4_4&#8243; _builder_version=\u00bb4.21.0&#8243; _module_preset=\u00bbdefault\u00bb global_colors_info=\u00bb{}\u00bb][et_pb_text _builder_version=\u00bb4.21.0&#8243; _module_preset=\u00bbdefault\u00bb header_2_font=\u00bbRacing Sans One||||||||\u00bb header_2_text_color=\u00bb#FFFFFF\u00bb header_4_font=\u00bbAmatic SC||||||||\u00bb global_colors_info=\u00bb{}\u00bb]<\/p>\n<h2 style=\"text-align: center;\">MARCAS<\/h2>\n<p>[\/et_pb_text][et_pb_image src=\u00bbhttps:\/\/claudiorozo.com\/wp-content\/uploads\/2023\/07\/marcas.png\u00bb title_text=\u00bbmarcas_mb\u00bb align=\u00bbcenter\u00bb force_fullwidth=\u00bbon\u00bb src_tablet=\u00bbhttps:\/\/claudiorozo.com\/wp-content\/uploads\/2023\/07\/marcas.png\u00bb src_phone=\u00bbhttps:\/\/claudiorozo.com\/wp-content\/uploads\/2023\/07\/marcas_mb.png\u00bb src_last_edited=\u00bbon|phone\u00bb _builder_version=\u00bb4.21.0&#8243; _module_preset=\u00bbdefault\u00bb module_alignment=\u00bbcenter\u00bb global_colors_info=\u00bb{}\u00bb][\/et_pb_image][\/et_pb_column][\/et_pb_row][\/et_pb_section][et_pb_section fb_built=\u00bb1&#8243; module_id=\u00bbcontacto\u00bb _builder_version=\u00bb4.21.0&#8243; _module_preset=\u00bbdefault\u00bb background_color=\u00bbRGBA(255,255,255,0)\u00bb background_image=\u00bbhttps:\/\/claudiorozo.com\/wp-content\/uploads\/2023\/07\/header-bg.png\u00bb background_position=\u00bbcenter_left\u00bb height=\u00bb470px\u00bb global_colors_info=\u00bb{}\u00bb][et_pb_row column_structure=\u00bb1_2,1_2&#8243; _builder_version=\u00bb4.21.0&#8243; _module_preset=\u00bbdefault\u00bb custom_padding=\u00bb73px|||||\u00bb global_colors_info=\u00bb{}\u00bb][et_pb_column type=\u00bb1_2&#8243; _builder_version=\u00bb4.21.0&#8243; _module_preset=\u00bbdefault\u00bb global_colors_info=\u00bb{}\u00bb][et_pb_text _builder_version=\u00bb4.21.0&#8243; _module_preset=\u00bbdefault\u00bb text_font=\u00bb|600|||||||\u00bb text_text_color=\u00bb#FFFFFF\u00bb text_font_size=\u00bb17px\u00bb header_3_font=\u00bb|700|||||||\u00bb header_3_text_color=\u00bb#FFFFFF\u00bb text_text_shadow_style=\u00bbpreset3&#8243; text_text_shadow_horizontal_length=\u00bb0.03em\u00bb text_text_shadow_blur_strength=\u00bb0.63em\u00bb text_text_shadow_color=\u00bbrgba(0,0,0,0.69)\u00bb global_colors_info=\u00bb{}\u00bb]<\/p>\n<h3>Contacto:<\/h3>\n<p>&nbsp;<\/p>\n<p>3142742934<br \/>678 0670<\/p>\n<p>Calle 161 # 15-34<br \/>Bogot\u00e1, Colombia<\/p>\n<h3><\/h3>\n<p>[\/et_pb_text][\/et_pb_column][et_pb_column type=\u00bb1_2&#8243; _builder_version=\u00bb4.21.0&#8243; _module_preset=\u00bbdefault\u00bb global_colors_info=\u00bb{}\u00bb][\/et_pb_column][\/et_pb_row][\/et_pb_section]<\/p>\n","protected":false},"excerpt":{"rendered":"<p>SERVICIOSMedicion de Hp y TqReprogramacion de Software de Motor y Caja.Desarrollo de motores para competencia.Lo asesoramos en su proyecto deportivo.Somos expertos en los servicios de Diagn\u00f3stico, mantenimiento y reparaci\u00f3n de veh\u00edculos carburados y Fuel injectionMantenimiento, Sistemas ABS, Discos y pastillas de alto rendimiento. Mantenimiento y reparaci\u00f3n,relaciones de caja, c\u00e1lculo y dise\u00f1o. Alineamos su veh\u00edculo con [&hellip;]<\/p>\n","protected":false},"author":1,"featured_media":0,"parent":0,"menu_order":0,"comment_status":"closed","ping_status":"closed","template":"","meta":{"_et_pb_use_builder":"on","_et_pb_old_content":"","_et_gb_content_width":"","footnotes":""},"_links":{"self":[{"href":"https:\/\/claudiorozo.com\/index.php?rest_route=\/wp\/v2\/pages\/23"}],"collection":[{"href":"https:\/\/claudiorozo.com\/index.php?rest_route=\/wp\/v2\/pages"}],"about":[{"href":"https:\/\/claudiorozo.com\/index.php?rest_route=\/wp\/v2\/types\/page"}],"author":[{"embeddable":true,"href":"https:\/\/claudiorozo.com\/index.php?rest_route=\/wp\/v2\/users\/1"}],"replies":[{"embeddable":true,"href":"https:\/\/claudiorozo.com\/index.php?rest_route=%2Fwp%2Fv2%2Fcomments&post=23"}],"version-history":[{"count":29,"href":"https:\/\/claudiorozo.com\/index.php?rest_route=\/wp\/v2\/pages\/23\/revisions"}],"predecessor-version":[{"id":115,"href":"https:\/\/claudiorozo.com\/index.php?rest_route=\/wp\/v2\/pages\/23\/revisions\/115"}],"wp:attachment":[{"href":"https:\/\/claudiorozo.com\/index.php?rest_route=%2Fwp%2Fv2%2Fmedia&parent=23"}],"curies":[{"name":"wp","href":"https:\/\/api.w.org\/{rel}","templated":true}]}}